{"id":62,"date":"2015-02-14T10:50:19","date_gmt":"2015-02-14T10:50:19","guid":{"rendered":"http:\/\/puolikuu.com\/?page_id=62"},"modified":"2026-01-03T16:11:40","modified_gmt":"2026-01-03T16:11:40","slug":"home-wts","status":"publish","type":"page","link":"http:\/\/puolikuu.com\/","title":{"rendered":"Etusivu"},"content":{"rendered":"\n<figure class=\"wp-block-image aligncenter size-large is-resized\"><a href=\"http:\/\/puolikuu.com\/wp-content\/uploads\/2025\/10\/FANIKUVA3-web-1.jpg\"><img loading=\"lazy\" decoding=\"async\" width=\"685\" height=\"1024\" src=\"http:\/\/puolikuu.com\/wp-content\/uploads\/2025\/10\/FANIKUVA3-web-1-685x1024.jpg\" alt=\"\" class=\"wp-image-510\" style=\"width:768px;height:auto\" srcset=\"http:\/\/puolikuu.com\/wp-content\/uploads\/2025\/10\/FANIKUVA3-web-1-685x1024.jpg 685w, http:\/\/puolikuu.com\/wp-content\/uploads\/2025\/10\/FANIKUVA3-web-1-201x300.jpg 201w, http:\/\/puolikuu.com\/wp-content\/uploads\/2025\/10\/FANIKUVA3-web-1-768x1149.jpg 768w, http:\/\/puolikuu.com\/wp-content\/uploads\/2025\/10\/FANIKUVA3-web-1-1027x1536.jpg 1027w, http:\/\/puolikuu.com\/wp-content\/uploads\/2025\/10\/FANIKUVA3-web-1.jpg 1200w\" sizes=\"auto, (max-width: 685px) 100vw, 685px\" \/><\/a><figcaption class=\"wp-element-caption\">Kuva: Juho Jukkola<\/figcaption><\/figure>\n\n\n\n<h1 class=\"wp-block-heading\"><\/h1>\n\n\n\n<p id=\"block-7f37c457-44c7-4516-9ecc-dba4f33929e0\"><\/p>\n\n\n\n<h2 class=\"wp-block-heading\">Puolikuu on takaisin!<\/h2>\n\n\n\n<p>Legendaarinen Puolikuu-yhtye teki n\u00e4ytt\u00e4v\u00e4n paluun levylle ja keikoille.<\/p>\n\n\n\n<p>Puolikuu her\u00e4si uudelleen eloon kuusi vuotta b\u00e4ndin alkuper\u00e4isen laulajanja s\u00e4velt\u00e4j\u00e4n Kari Pesosen poismenon j\u00e4lkeen.<\/p>\n\n\n\n<p>Yhtyeess\u00e4 vaikuttavat nyt alkuper\u00e4iskokoonpanosta tuttu laulaja-lauluntekij\u00e4 Kai J\u00e4ms\u00e4 sek\u00e4 viimeiset kymmenen vuotta Puolikuussa soittanut Luri Luokkala.<\/p>\n\n\n\n<p>Puolikuu-yhtye julkaisi uutta materiaalia:<\/p>\n\n\n\n<p>7.11.-25 ilmestyi single \u201dVie minut myrskyist\u00e4 pois\u201d, joka on Kari Pesosen kyn\u00e4st\u00e4 per\u00e4isin. Kappaleen tuotannosta vastaa Janne Louhivuori, tuttu Hurriganesista ja Puolikuu-klassikoiden 90-luvun tuotannoista. Lis\u00e4\u00e4 uusia kappaleita on luvassa. <\/p>\n\n\n\n<p> Mik\u00e4 sai Puolikuun jatkamaan matkaansa?<\/p>\n\n\n\n<p>-Alkoi tulla tunne, ett\u00e4 nuo laulut ansaitsevat viel\u00e4 tulla kuulluksi liven\u00e4 Puolikuun toimesta, Luokkala ja J\u00e4ms\u00e4 kertoo.<br>Kun yhtye palasi estradeille helmikuussa 2025, vastaanotto oli v\u00e4lit\u00f6n.<\/p>\n\n\n\n<p>-Heti ensimm\u00e4isell\u00e4 kerralla k\u00e4vi selv\u00e4ksi, ett\u00e4 n\u00e4it\u00e4 lauluja on kaivattu.<\/p>\n\n\n\n<p>Ota minut nyt, Makeaa myrkky\u00e4, Nyt loppuu todellisuus tai vaikka Viimeiset viisi kilometri\u00e4.<\/p>\n\n\n\n<p>Puolikuu kiert\u00e4\u00e4 parhaillaan ahkerasti ymp\u00e4ri Suomea ja senh\u00e4n tiet\u00e4\u00e4, ett\u00e4 keikoilla tunnelma on katossa alusta loppuun.<\/p>\n\n\n\n<p>Puolikuun laulaja ja kitaristi Kai J\u00e4ms\u00e4 tunnetaan my\u00f6s pitk\u00e4lt\u00e4 soolouraltaan ja lukuisista s\u00e4vellyksist\u00e4\u00e4n \u2013 esimerkiksi Y\u00f6linnulle kirjoitetut \u201dPreussinpunaista\u201d ja \u201dHaavoittumaton\u201d ovat h\u00e4nen k\u00e4sialaansa. Julkaistuja s\u00e4vellyksi\u00e4 Kaille onkin kertynyt jo yli 500.<br>Luri Luokkala puolestaan muistetaan Clifters-yhtyeen perustajana ja ansioituneena tuottajana.<\/p>\n\n\n\n<p>Tuleppa ihmettelem\u00e4\u00e4n meininki\u00e4 keikalle!<\/p>\n\n\n\n<p>\u00c4l\u00e4 missaa t\u00e4t\u00e4, missaa ennemmin vaikka MacGyver, luvassa unohtumaton ilta nostalgian n\u00e4lk\u00e4\u00e4si ruokkimaan.<\/p>\n\n\n\n<p>PUOLIKUU &#8221;Vie minut myrskyist\u00e4 pois&#8221;<\/p>\n\n\n\n<figure class=\"wp-block-embed is-type-video is-provider-youtube wp-block-embed-youtube wp-embed-aspect-4-3 wp-has-aspect-ratio\"><div class=\"wp-block-embed__wrapper\">\n<iframe loading=\"lazy\" title=\"Vie minut myrskyist\u00e4 pois\" width=\"500\" height=\"375\" src=\"https:\/\/www.youtube.com\/embed\/EuLev5Qk97I?feature=oembed\" frameborder=\"0\" allow=\"accelerometer; autoplay; clipboard-write; encrypted-media; gyroscope; picture-in-picture; web-share\" referrerpolicy=\"strict-origin-when-cross-origin\" allowfullscreen><\/iframe>\n<\/div><\/figure>\n\n\n\n<p><\/p>\n\n\n\n<h2 class=\"wp-block-heading\">Levy-yhti\u00f6:<\/h2>\n\n\n\n<p>Impossible Music Oy<\/p>\n\n\n\n<p><a href=\"mailto:impossible.music@kolumbus.fi\" target=\"_blank\" rel=\"noreferrer noopener\">impossible.music@kolumbus.fi<\/a><\/p>\n\n\n\n<p><strong>Puolikuu:<\/strong><\/p>\n\n\n\n<p><a href=\"mailto:kaijamsa@gmail.com\" target=\"_blank\" rel=\"noreferrer noopener\">kaijamsa@gmail.com<\/a><\/p>\n\n\n\n<p><\/p>\n\n\n\n<h2 class=\"wp-block-heading\">KEIKAT PUOLIKUU 2025<\/h2>\n\n\n\n<p>Keikat myy: Minni | Dragonwhite puhelin: 050 5171 671<\/p>\n\n\n\n<h2 class=\"wp-block-heading\">Katso keikat t\u00e4\u00e4lt\u00e4: <a href=\"https:\/\/dragonwhite.com\/artisti\/puolikuu\/\">https:\/\/dragonwhite.com\/artisti\/puolikuu\/<\/a><\/h2>\n\n\n\n<h2 class=\"wp-block-heading\">Puolikuu Youtube kanava: <a href=\"https:\/\/www.youtube.com\/@Puolikuu-official\/\">https:\/\/www.youtube.com\/@Puolikuu-official\/<\/a><br><\/h2>\n\n\n\n<figure class=\"wp-block-embed is-type-video is-provider-youtube wp-block-embed-youtube wp-embed-aspect-16-9 wp-has-aspect-ratio\"><div class=\"wp-block-embed__wrapper\">\n<iframe loading=\"lazy\" title=\"OTA MINUT NYT - Satamalan tori\" width=\"500\" height=\"281\" src=\"https:\/\/www.youtube.com\/embed\/51jXvdZVVwQ?feature=oembed\" frameborder=\"0\" allow=\"accelerometer; autoplay; clipboard-write; encrypted-media; gyroscope; picture-in-picture; web-share\" referrerpolicy=\"strict-origin-when-cross-origin\" allowfullscreen><\/iframe>\n<\/div><\/figure>\n\n\n\n<figure class=\"wp-block-embed is-type-video is-provider-youtube wp-block-embed-youtube wp-embed-aspect-16-9 wp-has-aspect-ratio\"><div class=\"wp-block-embed__wrapper\">\n<iframe loading=\"lazy\" title=\"Makeaa myrkky\u00e4 - Puolikuu live 2025\" width=\"500\" height=\"281\" src=\"https:\/\/www.youtube.com\/embed\/xBVWO5iVqc8?feature=oembed\" frameborder=\"0\" allow=\"accelerometer; autoplay; clipboard-write; encrypted-media; gyroscope; picture-in-picture; web-share\" referrerpolicy=\"strict-origin-when-cross-origin\" allowfullscreen><\/iframe>\n<\/div><\/figure>\n\n\n\n<figure class=\"wp-block-embed is-type-video is-provider-youtube wp-block-embed-youtube wp-embed-aspect-16-9 wp-has-aspect-ratio\"><div class=\"wp-block-embed__wrapper\">\n<iframe loading=\"lazy\" title=\"Puolikuu - Krokotiili rock - Korpilahti - Launtai illan huumaa\" width=\"500\" height=\"281\" src=\"https:\/\/www.youtube.com\/embed\/ORTliPNdDRU?feature=oembed\" frameborder=\"0\" allow=\"accelerometer; autoplay; clipboard-write; encrypted-media; gyroscope; picture-in-picture; web-share\" referrerpolicy=\"strict-origin-when-cross-origin\" allowfullscreen><\/iframe>\n<\/div><\/figure>\n\n\n<div class=\"cff-wrapper\">\t<div id=\"cff-visual-header-187753917913320\" class=\"cff-visual-header cff-has-name cff-has-about\">\n\t\t\t\t\t\t<div class=\"cff-header-inner-wrap\">\n\t\t\t\t\t\t<div class=\"cff-header-text\" >\n\n\t\t\t\t            <a href=\"https:\/\/facebook.com\/187753917913320\" target=\"_blank\" rel=\"nofollow noopener\" title=\"\" class=\"cff-header-name\"><h3 style=\"font-size:inheritpx;\"><\/h3><\/a>\n\t\t\t\t        \t\t\t\t\t\t<\/div>\n\t\t<\/div>\n\t<\/div>\n<div class=\"cff-wrapper-ctn \" ><div id=\"cff\"  class=\"cff cff-list-container  cff-default-styles  cff-mob-cols-1 cff-tab-cols-1\"   style=\"width:100%;\"   data-char=\"400\" ><div class=\"cff-error-msg\">\n\t<div>\n\t\t<i class=\"fa fa-lock\" aria-hidden=\"true\" style=\"margin-right: 5px;\"><\/i><b>This message is only visible to admins.<\/b><br\/>\n\t\tProblem displaying Facebook posts. Backup cache in use.\t\t\t\t\t<br\/><a href=\"javascript:void(0);\" id=\"cff-show-error\" onclick=\"cffShowError()\">Click to show error<\/a>\n\t\t\t<script type=\"text\/javascript\">function cffShowError() { document.getElementById(\"cff-error-reason\").style.display = \"block\"; document.getElementById(\"cff-show-error\").style.display = \"none\"; }<\/script>\n\t\t\t<\/div>\n\t\t\t<div id=\"cff-error-reason\">\n\t\t\t\t\t\t\t\t\t<b>Error:<\/b> Error validating access token: The session has been invalidated because the user changed their password or Facebook has changed the session for security reasons.\t\t\t\t\t\t\t\t\t\t\t\t\t<b>Type:<\/b> OAuthException\t\t\t\t\t\t\t\t\t\t\t\t\t\t\t\t\t\t\t\t\t\t\t\t\t\t\t\t\n\t\t\t<\/div>\n\t\t\t\t\n<\/div>\n<div class=\"cff-posts-wrap\">\n<div class=\"cff-likebox cff-bottom\" >\n\t\t<iframe title=\"Likebox Iframe\" src=\"\" class=\"fb_iframe_widget\" data-likebox-id=\"187753917913320\" data-likebox-width=\"300\" data-likebox-header=\"\" data-hide-cover=\"\" data-hide-cta=\"\" data-likebox-faces=\"\" data-height=\"130\" data-locale=\"fi_FI\" scrolling=\"no\" allowTransparency=\"true\" allow=\"encrypted-media\" ><\/iframe>\n<\/div>\n<\/div><input class=\"cff-pag-url\" type=\"hidden\" data-locatornonce=\"96754b496f\" data-cff-shortcode=\"{&quot;feed&quot;: &quot;1&quot;}\" data-post-id=\"62\" data-feed-id=\"187753917913320\"><\/div><\/div><div class=\"cff-clear\"><\/div><\/div>\n\n\n\n<p><\/p>\n","protected":false},"excerpt":{"rendered":"<p>Puolikuu on takaisin! Legendaarinen Puolikuu-yhtye teki n\u00e4ytt\u00e4v\u00e4n paluun levylle ja keikoille. Puolikuu her\u00e4si uudelleen eloon kuusi vuotta b\u00e4ndin alkuper\u00e4isen laulajanja [&hellip;]<\/p>\n","protected":false},"author":1,"featured_media":0,"parent":0,"menu_order":0,"comment_status":"closed","ping_status":"closed","template":"","meta":{"site-sidebar-layout":"default","site-content-layout":"","ast-site-content-layout":"","site-content-style":"default","site-sidebar-style":"default","ast-global-header-display":"","ast-banner-title-visibility":"","ast-main-header-display":"","ast-hfb-above-header-display":"","ast-hfb-below-header-display":"","ast-hfb-mobile-header-display":"","site-post-title":"disabled","ast-breadcrumbs-content":"","ast-featured-img":"","footer-sml-layout":"","ast-disable-related-posts":"","theme-transparent-header-meta":"","adv-header-id-meta":"","stick-header-meta":"","header-above-stick-meta":"","header-main-stick-meta":"","header-below-stick-meta":"","astra-migrate-meta-layouts":"default","ast-page-background-enabled":"default","ast-page-background-meta":{"desktop":{"background-color":"var(--ast-global-color-4)","background-image":"","background-repeat":"repeat","background-position":"center center","background-size":"auto","background-attachment":"scroll","background-type":"","background-media":"","overlay-type":"","overlay-color":"","overlay-opacity":"","overlay-gradient":""},"tablet":{"background-color":"","background-image":"","background-repeat":"repeat","background-position":"center center","background-size":"auto","background-attachment":"scroll","background-type":"","background-media":"","overlay-type":"","overlay-color":"","overlay-opacity":"","overlay-gradient":""},"mobile":{"background-color":"","background-image":"","background-repeat":"repeat","background-position":"center center","background-size":"auto","background-attachment":"scroll","background-type":"","background-media":"","overlay-type":"","overlay-color":"","overlay-opacity":"","overlay-gradient":""}},"ast-content-background-meta":{"desktop":{"background-color":"var(--ast-global-color-5)","background-image":"","background-repeat":"repeat","background-position":"center center","background-size":"auto","background-attachment":"scroll","background-type":"","background-media":"","overlay-type":"","overlay-color":"","overlay-opacity":"","overlay-gradient":""},"tablet":{"background-color":"var(--ast-global-color-5)","background-image":"","background-repeat":"repeat","background-position":"center center","background-size":"auto","background-attachment":"scroll","background-type":"","background-media":"","overlay-type":"","overlay-color":"","overlay-opacity":"","overlay-gradient":""},"mobile":{"background-color":"var(--ast-global-color-5)","background-image":"","background-repeat":"repeat","background-position":"center center","background-size":"auto","background-attachment":"scroll","background-type":"","background-media":"","overlay-type":"","overlay-color":"","overlay-opacity":"","overlay-gradient":""}},"footnotes":""},"class_list":["post-62","page","type-page","status-publish","hentry"],"_links":{"self":[{"href":"http:\/\/puolikuu.com\/index.php?rest_route=\/wp\/v2\/pages\/62","targetHints":{"allow":["GET"]}}],"collection":[{"href":"http:\/\/puolikuu.com\/index.php?rest_route=\/wp\/v2\/pages"}],"about":[{"href":"http:\/\/puolikuu.com\/index.php?rest_route=\/wp\/v2\/types\/page"}],"author":[{"embeddable":true,"href":"http:\/\/puolikuu.com\/index.php?rest_route=\/wp\/v2\/users\/1"}],"replies":[{"embeddable":true,"href":"http:\/\/puolikuu.com\/index.php?rest_route=%2Fwp%2Fv2%2Fcomments&post=62"}],"version-history":[{"count":42,"href":"http:\/\/puolikuu.com\/index.php?rest_route=\/wp\/v2\/pages\/62\/revisions"}],"predecessor-version":[{"id":525,"href":"http:\/\/puolikuu.com\/index.php?rest_route=\/wp\/v2\/pages\/62\/revisions\/525"}],"wp:attachment":[{"href":"http:\/\/puolikuu.com\/index.php?rest_route=%2Fwp%2Fv2%2Fmedia&parent=62"}],"curies":[{"name":"wp","href":"https:\/\/api.w.org\/{rel}","templated":true}]}}